{"id":211,"date":"2017-06-01T10:24:35","date_gmt":"2017-06-01T08:24:35","guid":{"rendered":"http:\/\/localhost:8888\/Sankt%20Barbara%20NEU\/?page_id=211"},"modified":"2023-04-23T13:16:21","modified_gmt":"2023-04-23T11:16:21","slug":"verweise","status":"publish","type":"page","link":"http:\/\/sankt-barbara-korbach.de\/?page_id=211","title":{"rendered":"Verweise"},"content":{"rendered":"<ul>\n<li><a href=\"https:\/\/www.schuetzengilde-korbach.de\/\" target=\"_blank\" rel=\"noopener noreferrer\">Sch\u00fctzengilde 1377 Korbach<\/a><\/li>\n<li><a href=\"http:\/\/www.sankt-regina.de\/\" target=\"_blank\" rel=\"noopener noreferrer\">Sankt Regina<\/a><\/li>\n<li>Burschenkompanie<\/li>\n<li><a href=\"https:\/\/pioniere1377korbach.chayns.net\/\" target=\"_blank\" rel=\"noopener noreferrer\">Pioniere<\/a><\/li>\n<li><a href=\"https:\/\/www.pulwerkoeppe.de\/\" target=\"_blank\" rel=\"noopener noreferrer\">Corbacher Nachtw\u00e4chter<\/a><br \/>\n<hr \/>\n<\/li>\n<\/ul>\n<ul>\n<li><a href=\"http:\/\/www.schuetzenbruderschaft-obermarsberg.eu\/\" target=\"_blank\" rel=\"noopener noreferrer\">Sch\u00fctzenbruderschaft St. Peter &amp; Paul Obermarsberg 1448\u00a0<\/a><\/li>\n<li>Bellicum Montanum Landau<\/li>\n<li><a href=\"http:\/\/www.historische-schuetzengemeinschaft-waldeck.de\/\" target=\"_blank\" rel=\"noopener noreferrer\">Historischen Sch\u00fctzengemeinschaft Waldeck<\/a><\/li>\n<li><a href=\"http:\/\/www.schuetzengesellschaft-berndorf.de\/\" target=\"_blank\" rel=\"noopener noreferrer\">Sch\u00fctzengesellschaft 1618 Berndorf<\/a><\/li>\n<li><a href=\"http:\/\/schuetzenverein.boemighausen.de\/\" target=\"_blank\" rel=\"noopener noreferrer\">Sch\u00fctzenverein 1919 B\u00f6mighausen<\/a><\/li>\n<li><a href=\"http:\/\/www.historische-schuetzengemeinschaft-waldeck.de\/vereine-gilden\/schuetzengilde-freienhagen.html\" target=\"_blank\" rel=\"noopener noreferrer\">Sch\u00fctzengilde 1593 Freienhagen<\/a><\/li>\n<li><a href=\"http:\/\/www.xn--schtzenverein-goddelsheim-hwc.de\/\" target=\"_blank\" rel=\"noopener noreferrer\">Sch\u00fctzenverein 1925 Goddelsheim<\/a><\/li>\n<li><a href=\"http:\/\/www.schuetzengilde-landau.de\/\" target=\"_blank\" rel=\"noopener noreferrer\">Sch\u00fctzengilde 1517 Landau<\/a><\/li>\n<li><a href=\"http:\/\/schuetzen.luetersheim.de\/\" target=\"_blank\" rel=\"noopener noreferrer\">Sch\u00fctzenverein 1722 L\u00fctersheim<\/a><\/li>\n<li><a href=\"http:\/\/www.schuetzen-medebach.com\/\" target=\"_blank\" rel=\"noopener noreferrer\">St. Sebastianus Sch\u00fctzen 1486 Medebach<\/a><\/li>\n<li><a href=\"http:\/\/www.freischiessen-mengeringhausen.de\/\" target=\"_blank\" rel=\"noopener noreferrer\">Sch\u00fctzengesellschaft 1502 Mengeringhausen\u00a0<\/a><\/li>\n<li><a href=\"http:\/\/www.historische-schuetzengemeinschaft-waldeck.de\/vereine-gilden\/muehlhausen.html\" target=\"_blank\" rel=\"noopener noreferrer\">Sch\u00fctzengesellschaft 1567 M\u00fchlhausen\u00a0<\/a><\/li>\n<li>Kyffh. Sch\u00fctzenkameradschaft 1909 Neerdar<\/li>\n<li><a href=\"http:\/\/www.schuetzengesellschaft-rhoden.de\/\" target=\"_blank\" rel=\"noopener noreferrer\">Sch\u00fctzengesellschaft 1560 Rhoden<\/a><\/li>\n<li><a href=\"http:\/\/schuetzengilde-twiste.de\/\" target=\"_blank\" rel=\"noopener noreferrer\">Sch\u00fctzengilde Twiste<\/a><\/li>\n<li><a href=\"http:\/\/www.schuetzengesellschaft-usseln.de\/\" target=\"_blank\" rel=\"noopener noreferrer\">Sch\u00fctzengesellschaft 1877 Usseln<\/a><br \/>\n<hr \/>\n<\/li>\n<\/ul>\n<ul>\n<li><a href=\"http:\/\/www.korbach.de\/\" target=\"_blank\" rel=\"noopener noreferrer\">Hansestadt Korbach<\/a><\/li>\n<li><a href=\"http:\/\/www.landkreis-waldeck-frankenberg.de\/\" target=\"_blank\" rel=\"noopener noreferrer\">Landkreis Waldeck-Frankenberg<\/a><\/li>\n<li><a href=\"https:\/\/www.wlz-online.de\" target=\"_blank\" rel=\"noopener noreferrer\">Waldeckische Landeszeitung<\/a><\/li>\n<li><a href=\"http:\/\/www.fleischerei-ludwig-tent.de\/\" target=\"_blank\" rel=\"noopener noreferrer\">Fleischerei Ludwig Tent<\/a><\/li>\n<li><a href=\"http:\/\/www.amdalwigkertor.de\/\" target=\"_blank\" rel=\"noopener noreferrer\">Gasthaus am Dalwigker Tor<\/a><\/li>\n<\/ul>\n","protected":false},"excerpt":{"rendered":"<p>Sch\u00fctzengilde 1377 Korbach Sankt Regina Burschenkompanie Pioniere Corbacher Nachtw\u00e4chter Sch\u00fctzenbruderschaft St. Peter &amp; Paul Obermarsberg 1448\u00a0 Bellicum Montanum Landau Historischen Sch\u00fctzengemeinschaft Waldeck Sch\u00fctzengesellschaft 1618 Berndorf Sch\u00fctzenverein 1919 B\u00f6mighausen Sch\u00fctzengilde 1593 Freienhagen Sch\u00fctzenverein 1925 Goddelsheim Sch\u00fctzengilde 1517 Landau Sch\u00fctzenverein 1722 L\u00fctersheim St. Sebastianus Sch\u00fctzen 1486 Medebach Sch\u00fctzengesellschaft 1502 Mengeringhausen\u00a0 Sch\u00fctzengesellschaft 1567 M\u00fchlhausen\u00a0 Kyffh. Sch\u00fctzenkameradschaft 1909 Neerdar Sch\u00fctzengesellschaft 1560 Rhoden Sch\u00fctzengilde Twiste<\/p>\n","protected":false},"author":1,"featured_media":0,"parent":0,"menu_order":0,"comment_status":"closed","ping_status":"closed","template":"","meta":{"footnotes":""},"_links":{"self":[{"href":"http:\/\/sankt-barbara-korbach.de\/index.php?rest_route=\/wp\/v2\/pages\/211"}],"collection":[{"href":"http:\/\/sankt-barbara-korbach.de\/index.php?rest_route=\/wp\/v2\/pages"}],"about":[{"href":"http:\/\/sankt-barbara-korbach.de\/index.php?rest_route=\/wp\/v2\/types\/page"}],"author":[{"embeddable":true,"href":"http:\/\/sankt-barbara-korbach.de\/index.php?rest_route=\/wp\/v2\/users\/1"}],"replies":[{"embeddable":true,"href":"http:\/\/sankt-barbara-korbach.de\/index.php?rest_route=%2Fwp%2Fv2%2Fcomments&post=211"}],"version-history":[{"count":13,"href":"http:\/\/sankt-barbara-korbach.de\/index.php?rest_route=\/wp\/v2\/pages\/211\/revisions"}],"predecessor-version":[{"id":785,"href":"http:\/\/sankt-barbara-korbach.de\/index.php?rest_route=\/wp\/v2\/pages\/211\/revisions\/785"}],"wp:attachment":[{"href":"http:\/\/sankt-barbara-korbach.de\/index.php?rest_route=%2Fwp%2Fv2%2Fmedia&parent=211"}],"curies":[{"name":"wp","href":"https:\/\/api.w.org\/{rel}","templated":true}]}}